{"id":1900,"date":"2019-05-23T15:07:11","date_gmt":"2019-05-23T15:07:11","guid":{"rendered":"https:\/\/naturalbridgecaverns.com\/?page_id=1900"},"modified":"2024-07-01T15:55:01","modified_gmt":"2024-07-01T15:55:01","slug":"cavern-tours","status":"publish","type":"page","link":"https:\/\/d8b2013d58.nxcli.io\/es\/cavern-tours\/","title":{"rendered":"Visitas a las cavernas"},"content":{"rendered":"<div class=\"vc_row wpb_row vc_row-fluid\"><div class=\"wpb_column vc_column_container vc_col-sm-12\"><div class=\"vc_column-inner\"><div class=\"wpb_wrapper\"><div class=\"vc_row wpb_row vc_inner vc_row-fluid\"><div class=\"wpb_column vc_column_container vc_col-sm-2\"><div class=\"vc_column-inner\"><div class=\"wpb_wrapper\"><\/div><\/div><\/div><div class=\"attraction-text wpb_column vc_column_container vc_col-sm-8\"><div class=\"vc_column-inner\"><div class=\"wpb_wrapper\">\n\t<div class=\"wpb_text_column wpb_content_element  header-padding\" >\n\t\t<div class=\"wpb_wrapper\">\n\t\t\t<h1 style=\"text-align: center;\">Naturalmente incre\u00edble<\/h1>\n<h3 style=\"text-align: center; font-size: 18px; line-height: 30px;\">Discover the incredible natural underground beauty of the caverns through one of our unique guided tour experiences.<\/h3>\n\n\t\t<\/div>\n\t<\/div>\n<\/div><\/div><\/div><div class=\"wpb_column vc_column_container vc_col-sm-2\"><div class=\"vc_column-inner\"><div class=\"wpb_wrapper\"><\/div><\/div><\/div><\/div><div class=\"vc_row wpb_row vc_inner vc_row-fluid\"><div class=\"wpb_column vc_column_container vc_col-sm-4\"><div class=\"vc_column-inner\"><div class=\"wpb_wrapper\">\n\t<div class=\"wpb_raw_code wpb_content_element wpb_raw_html\" >\n\t\t<div class=\"wpb_wrapper\">\n\t\t\t<div class=\"event-card\">\n        <a style=\"text-decoration: none;\" href=\"https:\/\/d8b2013d58.nxcli.io\/es\/hiddenwonderstour\/\">\n            <div class=\"card-img\">\n                <img decoding=\"async\" src=\"https:\/\/naturalbridgecaverns.com\/wp-content\/uploads\/2023\/01\/HW_Top-of-Jaremy-Room_0422_MJones_Resized-Tile.jpg\" \/>\n            <\/div>\n            <div class=\"card-text\">\n                <h3>Tour de maravillas ocultas<\/h3>\n                <p>NEW \u2013 This new and phenomenal expansion of our hidden cavern is now filled with state-of-the-art lighting, a sound and light show, and a fun ride back to the surface. Distinct and delicate formations fill corridors, canyons, and a beautiful ten story tall chamber. \n                    <img decoding=\"async\" style=\"position: absolute; left: 20px; bottom: 25px;\" src=\"\/wp-content\/uploads\/2019\/05\/learn-more.png\" alt=\"Learn More\" \/>\n                <\/p>\n            <\/div>\n        <\/a>\n    <\/div>\n\t\t<\/div>\n\t<\/div>\n<\/div><\/div><\/div><div class=\"wpb_column vc_column_container vc_col-sm-4\"><div class=\"vc_column-inner\"><div class=\"wpb_wrapper\">\n\t<div class=\"wpb_text_column wpb_content_element\" >\n\t\t<div class=\"wpb_wrapper\">\n\t\t\t<div class=\"event-card\">\r\n        <a style=\"text-decoration: none;\" href=\"https:\/\/d8b2013d58.nxcli.io\/es\/discoverytour\/\">\r\n            <div class=\"card-img\">\r\n                <img decoding=\"async\" src=\"https:\/\/naturalbridgecaverns.com\/wp-content\/uploads\/2020\/09\/Discovery-Tour-2.jpg\" alt=\"Discovery Tour\" \/>\r\n            <\/div>\r\n            <div class=\"card-text\">\r\n                <h3>Tour de descubrimiento<\/h3>\r\n                <p>Nuestro recorrido m\u00e1s visitado y la caverna m\u00e1s grande del estado, nuestro recorrido de descubrimiento lo lleva a 180 pies bajo tierra con habitaciones enormes, formaciones impresionantes y sitios incre\u00edbles. La iluminaci\u00f3n de \u00faltima generaci\u00f3n (nueva en 2020) muestra la caverna como nunca antes.\r\n                    <img decoding=\"async\" style=\"position: absolute; left: 20px; bottom: 25px;\" src=\"\/wp-content\/uploads\/2019\/05\/learn-more.png\" alt=\"Learn More\" \/>\r\n                <\/p>\r\n            <\/div>\r\n        <\/a>\r\n    <\/div>\n\n\t\t<\/div>\n\t<\/div>\n<\/div><\/div><\/div><div class=\"card-row-1 wpb_column vc_column_container vc_col-sm-4\"><div class=\"vc_column-inner\"><div class=\"wpb_wrapper\">\n\t<div class=\"wpb_raw_code wpb_content_element wpb_raw_html\" >\n\t\t<div class=\"wpb_wrapper\">\n\t\t\t<div class=\"event-card\">\n        <a style=\"text-decoration: none;\" href=\"https:\/\/d8b2013d58.nxcli.io\/es\/caverncombotour\/\">\n            <div class=\"card-img\">\n                <img decoding=\"async\" src=\"\/wp-content\/uploads\/2020\/09\/Combo-Tour-2.jpg\" alt=\"Combo Tour\" \/>\n            <\/div>\n            <div class=\"card-text\">\n                <h3>Tour combinado de cavernas<\/h3>\n                <p>Disfrute de lo mejor de ambas cuevas de clase mundial en nuestro recorrido combinado de cavernas. Elija su tiempo para el Hidden Wonders Tour y se le colocar\u00e1 en el pr\u00f3ximo Discovery Tour disponible cuando llegue aqu\u00ed. Llegue 30 minutos antes de la hora indicada en su boleto de Hidden Wonders.\n                    <img decoding=\"async\" style=\"position: absolute; left: 20px; bottom: 25px;\" src=\"\/wp-content\/uploads\/2019\/05\/learn-more.png\" alt=\"Learn More\" \/>\n                <\/p>\n            <\/div>\n        <\/a>\n    <\/div>\n\t\t<\/div>\n\t<\/div>\n<\/div><\/div><\/div><\/div><div class=\"vc_row wpb_row vc_inner vc_row-fluid card-row-2\"><div class=\"wpb_column vc_column_container vc_col-sm-4\"><div class=\"vc_column-inner\"><div class=\"wpb_wrapper\">\n\t<div class=\"wpb_raw_code wpb_content_element wpb_raw_html\" >\n\t\t<div class=\"wpb_wrapper\">\n\t\t\t<div class=\"event-card\">\n        <a style=\"text-decoration: none;\" href=\"https:\/\/d8b2013d58.nxcli.io\/es\/adventuretours\/\">\n            <div class=\"card-img\">\n                <img decoding=\"async\" src=\"https:\/\/naturalbridgecaverns.com\/wp-content\/uploads\/2024\/04\/SMJ-AT_Climb_RS.jpg\" \/>\n            <\/div>\n            <div class=\"card-text\">\n                <h3>Tours de Aventura<\/h3>\n                <p>Alimenta al aventurero que llevas dentro con nuestras experiencias fuera de pista en cuevas salvajes. \u00a1Nuestro gu\u00eda lo llevar\u00e1 a trav\u00e9s de una secci\u00f3n no desarrollada de nuestra cueva donde obtendr\u00e1 una idea de lo que es explorar cuevas como un espele\u00f3logo! Te equiparemos con todo el equipo que necesitar\u00e1s; \u00a1solo prep\u00e1rate para ensuciarte y ver partes de la caverna que nadie ve excepto los exploradores m\u00e1s audaces!\n                    <img decoding=\"async\" style=\"position: absolute; left: 20px; bottom: 25px;\" src=\"\/wp-content\/uploads\/2019\/05\/learn-more.png\" alt=\"Learn More\" \/>\n                <\/p>\n            <\/div>\n        <\/a>\n    <\/div>\n\t\t<\/div>\n\t<\/div>\n<\/div><\/div><\/div><div class=\"wpb_column vc_column_container vc_col-sm-4\"><div class=\"vc_column-inner\"><div class=\"wpb_wrapper\">\n\t<div class=\"wpb_raw_code wpb_content_element wpb_raw_html\" >\n\t\t<div class=\"wpb_wrapper\">\n\t\t\t<div class=\"event-card\">\n        <a style=\"text-decoration: none;\" href=\"https:\/\/d8b2013d58.nxcli.io\/es\/lantern-tour-2\/\">\n            <div class=\"card-img\">\n                <img decoding=\"async\" src=\"https:\/\/naturalbridgecaverns.com\/wp-content\/uploads\/2024\/02\/Lanter-Tour-Tile.jpg\" \/>\n            <\/div>\n            <div class=\"card-text\">\n                <h3>The Lantern Tour<\/h3>\n                <p>Tour the cave through the eyes of the original discoverers back in the 1960s.  Your tour guide will lead you through the cave with only the light of handheld lanterns. There is something magical about touring the cave with similar lighting to when it was first discovered. \n                    <img decoding=\"async\" style=\"position: absolute; left: 20px; bottom: 25px;\" src=\"\/wp-content\/uploads\/2019\/05\/learn-more.png\" alt=\"Learn More\" \/>\n                <\/p>\n            <\/div>\n        <\/a>\n    <\/div>\n\t\t<\/div>\n\t<\/div>\n<\/div><\/div><\/div><div class=\"wpb_column vc_column_container vc_col-sm-4\"><div class=\"vc_column-inner\"><div class=\"wpb_wrapper\">\n\t<div class=\"wpb_raw_code wpb_content_element wpb_raw_html\" >\n\t\t<div class=\"wpb_wrapper\">\n\t\t\t<div class=\"event-card\">\n        <a style=\"text-decoration: none;\" href=\"https:\/\/naturalbridgecaverns.com\/brackenbatflight\/\">\n            <div class=\"card-img\">\n                <img decoding=\"async\" src=\"https:\/\/naturalbridgecaverns.com\/wp-content\/uploads\/2024\/05\/Cavern-Tours_Bat-Flight-1.jpg\" \/>\n            <\/div>\n            <div class=\"card-text\">\n                <h3>Paquetes de vuelo de murci\u00e9lagos de helecho<\/h3>\n                <p>An estimated 20 million Mexican Free-tailed bats roost in the Bracken Cave, just a short distance from Natural Bridge Caverns. Experience the wonder of a cavern tour and the Bracken Bat Flight for a LIMITED TIME with ONE ticket package. This tour is seasonal.\n                    <img decoding=\"async\" style=\"position: absolute; left: 20px; bottom: 25px;\" src=\"\/wp-content\/uploads\/2019\/05\/learn-more.png\" alt=\"Learn More\" \/>\n                <\/p>\n            <\/div>\n        <\/a>\n    <\/div>\n\t\t<\/div>\n\t<\/div>\n<\/div><\/div><\/div><\/div><div class=\"vc_row wpb_row vc_inner vc_row-fluid card-row-2\"><div class=\"wpb_column vc_column_container vc_col-sm-4\"><div class=\"vc_column-inner\"><div class=\"wpb_wrapper\">\n\t<div class=\"wpb_raw_code wpb_content_element wpb_raw_html\" >\n\t\t<div class=\"wpb_wrapper\">\n\t\t\t<div class=\"event-card\">\n        <a style=\"text-decoration: none;\" href=\"https:\/\/d8b2013d58.nxcli.io\/es\/vip-tours\/\">\n            <div class=\"card-img\">\n                <img decoding=\"async\" src=\"https:\/\/naturalbridgecaverns.com\/wp-content\/uploads\/2024\/05\/Private-VIP_Light-Show.jpg\" \/>\n            <\/div>\n            <div class=\"card-text\">\n                <h3>Tours y experiencias VIP privadas<\/h3>\n                <p>Una variedad de recorridos \u00edntimos creados pensando en USTED, cada experiencia est\u00e1 limitada a una familia o grupo peque\u00f1o. Las opciones son infinitas, nuestro equipo de ventas lo ayudar\u00e1 a planificar un viaje en el que su grupo crear\u00e1 recuerdos que durar\u00e1n toda la vida. Llame hoy para personalizar su visita a Natural Bridge Caverns. \n                    <img decoding=\"async\" style=\"position: absolute; left: 20px; bottom: 25px;\" src=\"\/wp-content\/uploads\/2019\/05\/learn-more.png\" alt=\"Learn More\" \/>\n                <\/p>\n            <\/div>\n        <\/a>\n    <\/div>\n\t\t<\/div>\n\t<\/div>\n<\/div><\/div><\/div><div class=\"wpb_column vc_column_container vc_col-sm-4\"><div class=\"vc_column-inner\"><div class=\"wpb_wrapper\"><\/div><\/div><\/div><\/div><\/div><\/div><\/div><div class=\"wpb_column vc_column_container vc_col-sm-12\"><div class=\"vc_column-inner\"><div class=\"wpb_wrapper\"><\/div><\/div><\/div><div class=\"wpb_column vc_column_container vc_col-sm-12\"><div class=\"vc_column-inner\"><div class=\"wpb_wrapper\"><\/div><\/div><\/div><\/div><div class=\"vc_row wpb_row vc_row-fluid\"><div class=\"wpb_column vc_column_container vc_col-sm-12\"><div class=\"vc_column-inner\"><div class=\"wpb_wrapper\"><\/div><\/div><\/div><\/div><!--55989--><!--55989--><\/p>","protected":false},"excerpt":{"rendered":"Naturally Amazing Discover the incredible natural underground beauty of the caverns through one of our unique guided tour experiences. Hidden Wonders Tour NEW \u2013 This new and phenomenal expansion of<span class=\"excerpt-hellip\"> [\u2026]<\/span>","protected":false},"author":7,"featured_media":0,"parent":0,"menu_order":0,"comment_status":"closed","ping_status":"closed","template":"","meta":{"footnotes":""},"_links":{"self":[{"href":"https:\/\/d8b2013d58.nxcli.io\/es\/wp-json\/wp\/v2\/pages\/1900"}],"collection":[{"href":"https:\/\/d8b2013d58.nxcli.io\/es\/wp-json\/wp\/v2\/pages"}],"about":[{"href":"https:\/\/d8b2013d58.nxcli.io\/es\/wp-json\/wp\/v2\/types\/page"}],"author":[{"embeddable":true,"href":"https:\/\/d8b2013d58.nxcli.io\/es\/wp-json\/wp\/v2\/users\/7"}],"replies":[{"embeddable":true,"href":"https:\/\/d8b2013d58.nxcli.io\/es\/wp-json\/wp\/v2\/comments?post=1900"}],"version-history":[{"count":114,"href":"https:\/\/d8b2013d58.nxcli.io\/es\/wp-json\/wp\/v2\/pages\/1900\/revisions"}],"predecessor-version":[{"id":9073,"href":"https:\/\/d8b2013d58.nxcli.io\/es\/wp-json\/wp\/v2\/pages\/1900\/revisions\/9073"}],"wp:attachment":[{"href":"https:\/\/d8b2013d58.nxcli.io\/es\/wp-json\/wp\/v2\/media?parent=1900"}],"curies":[{"name":"wp","href":"https:\/\/api.w.org\/{rel}","templated":true}]}}