{"id":4763,"date":"2021-03-08T23:01:35","date_gmt":"2021-03-08T23:01:35","guid":{"rendered":"https:\/\/naturalbridgecaverns.com\/?page_id=4763"},"modified":"2024-09-12T22:24:46","modified_gmt":"2024-09-12T22:24:46","slug":"twisted-trails","status":"publish","type":"page","link":"https:\/\/d8b2013d58.nxcli.io\/de\/twisted-trails\/","title":{"rendered":"Verdrehte Pfade"},"content":{"rendered":"<div class=\"vc_row wpb_row vc_row-fluid\"><div class=\"wpb_column vc_column_container vc_col-sm-12\"><div class=\"vc_column-inner\"><div class=\"wpb_wrapper\"><div class=\"vc_empty_space\"   style=\"height: 40px\" ><span class=\"vc_empty_space_inner\"><\/span><\/div>\n<\/div><\/div><\/div><div class=\"wpb_column vc_column_container vc_col-sm-2\"><div class=\"vc_column-inner\"><div class=\"wpb_wrapper\"><\/div><\/div><\/div><div class=\"wpb_column vc_column_container vc_col-sm-8\"><div class=\"vc_column-inner\"><div class=\"wpb_wrapper\">\n\t<div class=\"wpb_text_column wpb_content_element  vc_custom_1726179883953\" >\n\t\t<div class=\"wpb_wrapper\">\n\t\t\t<h1 style=\"text-align: center;\">Climb. Balance. Fly across the Hill Country sky.<\/h1>\n<h3 style=\"text-align: center;\"><\/h3>\n\n\t\t<\/div>\n\t<\/div>\n\n\t<div class=\"wpb_text_column wpb_content_element\" >\n\t\t<div class=\"wpb_wrapper\">\n\t\t\t\n\t\t<\/div>\n\t<\/div>\n<\/div><\/div><\/div><div class=\"wpb_column vc_column_container vc_col-sm-2\"><div class=\"vc_column-inner\"><div class=\"wpb_wrapper\"><\/div><\/div><\/div><\/div><div class=\"vc_row wpb_row vc_row-fluid\"><div class=\"wpb_column vc_column_container vc_col-sm-12\"><div class=\"vc_column-inner\"><div class=\"wpb_wrapper\">\n\t<div  class=\"wpb_single_image wpb_content_element vc_align_center   mobile-buy-btn\">\n\t\t\n\t\t<figure class=\"wpb_wrapper vc_figure\">\n\t\t\t<a href=\"https:\/\/tickets.naturalbridgecaverns.com\/webstore\/shop\/viewItems.aspx?cg=NBCWEB&amp;c=ATTR\" target=\"_self\" class=\"vc_single_image-wrapper   vc_box_border_grey\"><img loading=\"lazy\" decoding=\"async\" width=\"325\" height=\"53\" src=\"https:\/\/d8b2013d58.nxcli.io\/wp-content\/uploads\/2024\/02\/Buy-Now_Button.png\" class=\"vc_single_image-img attachment-full\" alt=\"\" srcset=\"https:\/\/d8b2013d58.nxcli.io\/wp-content\/uploads\/2024\/02\/Buy-Now_Button.png 325w, https:\/\/d8b2013d58.nxcli.io\/wp-content\/uploads\/2024\/02\/Buy-Now_Button-300x49.png 300w, https:\/\/d8b2013d58.nxcli.io\/wp-content\/uploads\/2024\/02\/Buy-Now_Button-18x3.png 18w, https:\/\/d8b2013d58.nxcli.io\/wp-content\/uploads\/2024\/02\/Buy-Now_Button-260x42.png 260w, https:\/\/d8b2013d58.nxcli.io\/wp-content\/uploads\/2024\/02\/Buy-Now_Button-50x8.png 50w, https:\/\/d8b2013d58.nxcli.io\/wp-content\/uploads\/2024\/02\/Buy-Now_Button-150x24.png 150w\" sizes=\"(max-width: 325px) 100vw, 325px\" \/><\/a>\n\t\t<\/figure>\n\t<\/div>\n<\/div><\/div><\/div><div class=\"wpb_column vc_column_container vc_col-sm-6\"><div class=\"vc_column-inner\"><div class=\"wpb_wrapper\">\n\t<div  class=\"wpb_single_image wpb_content_element vc_align_center   twisted-img\">\n\t\t\n\t\t<figure class=\"wpb_wrapper vc_figure\">\n\t\t\t<div class=\"vc_single_image-wrapper   vc_box_border_grey\"><img loading=\"lazy\" decoding=\"async\" class=\"vc_single_image-img\" src=\"https:\/\/d8b2013d58.nxcli.io\/wp-content\/uploads\/2024\/06\/DSC01761-1.jpg\" width=\"500\" height=\"400\" alt=\"teenage girl in bright yellow shirt on the ropes course | Natural Bridge Caverns\" title=\"Twisted Trails Ropes Course\" \/><\/div>\n\t\t<\/figure>\n\t<\/div>\n<\/div><\/div><\/div><div class=\"wpb_column vc_column_container vc_col-sm-6\"><div class=\"vc_column-inner\"><div class=\"wpb_wrapper\">\n\t<div  class=\"wpb_single_image wpb_content_element vc_align_center\">\n\t\t\n\t\t<figure class=\"wpb_wrapper vc_figure\">\n\t\t\t<div class=\"vc_single_image-wrapper   vc_box_border_grey\"><img loading=\"lazy\" decoding=\"async\" class=\"vc_single_image-img\" src=\"https:\/\/d8b2013d58.nxcli.io\/wp-content\/uploads\/2024\/06\/Twisted-Trails-25211-210912-MF-1.jpg\" width=\"500\" height=\"400\" alt=\"Twisted Trails-25211-210912-MF\" title=\"Twisted Trails-25211-210912-MF\" \/><\/div>\n\t\t<\/figure>\n\t<\/div>\n<\/div><\/div><\/div><\/div><div class=\"vc_row wpb_row vc_row-fluid\"><div class=\"wpb_column vc_column_container vc_col-sm-12\"><div class=\"vc_column-inner\"><div class=\"wpb_wrapper\">\n\t<div class=\"wpb_text_column wpb_content_element  vc_custom_1725889069996\" >\n\t\t<div class=\"wpb_wrapper\">\n\t\t\t<h3 style=\"text-align: center;\">Experience high flying adventure on one of the largest zip rail and ropes courses in the world. With six stories of challenges and a kids course too, the whole family will find a new levels of adventure in a safe, exhilarating ropes and zip rail course. Learn how you are capable of more than ever thought you were.<\/h3>\n\n\t\t<\/div>\n\t<\/div>\n<\/div><\/div><\/div><\/div><div class=\"vc_row wpb_row vc_row-fluid\"><div class=\"wpb_column vc_column_container vc_col-sm-6\"><div class=\"vc_column-inner\"><div class=\"wpb_wrapper\">\n\t<div  class=\"wpb_single_image wpb_content_element vc_align_right   twisted-img\">\n\t\t\n\t\t<figure class=\"wpb_wrapper vc_figure\">\n\t\t\t<div class=\"vc_single_image-wrapper   vc_box_border_grey\"><img loading=\"lazy\" decoding=\"async\" class=\"vc_single_image-img\" src=\"https:\/\/d8b2013d58.nxcli.io\/wp-content\/uploads\/2024\/06\/tt1-500x400.png\" width=\"500\" height=\"400\" alt=\"tt1\" title=\"tt1\" \/><\/div>\n\t\t<\/figure>\n\t<\/div>\n<\/div><\/div><\/div><div class=\"wpb_column vc_column_container vc_col-sm-6\"><div class=\"vc_column-inner\"><div class=\"wpb_wrapper\">\n\t<div class=\"wpb_text_column wpb_content_element\" >\n\t\t<div class=\"wpb_wrapper\">\n\t\t\t<h3 style=\"text-align: left;\">Zip Rails &amp; Ropes Course<\/h3>\n<h3 style=\"text-align: left;\"><em style=\"color: #ceceb4; font-weight: 400;\">An Adventure in the Sky!!<\/em><\/h3>\n<h3 style=\"text-align: left;\"><em style=\"color: #ceceb4; font-weight: 400;\"><strong>$26.99 (Online)<\/strong>\u00a0 \u00a0 \u00a0 \u00a0 \u00a0$28.99<\/em><\/h3>\n\n\t\t<\/div>\n\t<\/div>\n\n\t<div class=\"wpb_text_column wpb_content_element\" >\n\t\t<div class=\"wpb_wrapper\">\n\t\t\t<p>Six stories tall with 685 feet of suspended tracks, your next adventure is right overhead! You\u2019ll have 45 minutes to navigate the challenges on balance elements and soar on zip rails from one end of the course to another. You\u2019ll wear a full body safety harness and sling line to keep you safe while you see how high you can go.<\/p>\n<p>*Bitte beachten Sie die Gr\u00f6\u00dfenbeschr\u00e4nkung unten.<\/p>\n<p>Alle Teilnehmer m\u00fcssen sicher in einen Gurt passen.<\/p>\n<p>Mindestgr\u00f6\u00dfe: 48 Zoll oder 42 Zoll mit einer bezahlten Begleitperson.<\/p>\n<p>Maximales Gewicht: 300 Pfund.<\/p>\n\n\t\t<\/div>\n\t<\/div>\n<\/div><\/div><\/div><\/div><div class=\"vc_row wpb_row vc_row-fluid\"><div class=\"wpb_column vc_column_container vc_col-sm-12\"><div class=\"vc_column-inner\"><div class=\"wpb_wrapper\"><div class=\"vc_separator wpb_content_element vc_separator_align_center vc_sep_width_100 vc_sep_pos_align_center vc_separator_no_text\" ><span class=\"vc_sep_holder vc_sep_holder_l\"><span  style=\"border-color:#ceceb4;\" class=\"vc_sep_line\"><\/span><\/span><span class=\"vc_sep_holder vc_sep_holder_r\"><span  style=\"border-color:#ceceb4;\" class=\"vc_sep_line\"><\/span><\/span>\n<\/div><\/div><\/div><\/div><\/div><div class=\"vc_row wpb_row vc_row-fluid\"><div class=\"wpb_column vc_column_container vc_col-sm-6\" id=\"tykes\"><div class=\"vc_column-inner\"><div class=\"wpb_wrapper\">\n\t<div  class=\"wpb_single_image wpb_content_element vc_align_right   twisted-img\">\n\t\t\n\t\t<figure class=\"wpb_wrapper vc_figure\">\n\t\t\t<div class=\"vc_single_image-wrapper   vc_box_border_grey\"><img loading=\"lazy\" decoding=\"async\" class=\"vc_single_image-img\" src=\"https:\/\/d8b2013d58.nxcli.io\/wp-content\/uploads\/2024\/06\/tt2-500x400.jpeg\" width=\"500\" height=\"400\" alt=\"tt2\" title=\"tt2\" \/><\/div>\n\t\t<\/figure>\n\t<\/div>\n<\/div><\/div><\/div><div class=\"wpb_column vc_column_container vc_col-sm-6\"><div class=\"vc_column-inner\"><div class=\"wpb_wrapper\">\n\t<div class=\"wpb_text_column wpb_content_element\" >\n\t\t<div class=\"wpb_wrapper\">\n\t\t\t<h3>TYKES Zip Rail &amp; Hochseilgarten<\/h3>\n<h3><em style=\"color: #ceceb4; font-weight: 400;\">Nur f\u00fcr die Kleinen<\/em><\/h3>\n<h3><em style=\"color: #ceceb4; font-weight: 400;\"><strong>$8.99(Online)\u00a0 \u00a0 \u00a0 \u00a0 \u00a0 \u00a0 \u00a0 <\/strong>$9.99<\/em><\/h3>\n\n\t\t<\/div>\n\t<\/div>\n\n\t<div class=\"wpb_text_column wpb_content_element\" >\n\t\t<div class=\"wpb_wrapper\">\n\t\t\t<p>Designed for littler thrill seekers, our Tykes version allows parents to encourage and guide adventurers. Kids under four feet tall find these lower balance and zip rails the perfect size. Every child wears a full body safety harness and sling line to keep them safe while they discover their limits \u2013 and exceed them.<\/p>\n<p>All participants must fit safely into a harness.<\/p>\n<p>Maximum Height: 48\u201d<\/p>\n\n\t\t<\/div>\n\t<\/div>\n<\/div><\/div><\/div><\/div><div class=\"vc_row wpb_row vc_row-fluid\"><div class=\"wpb_column vc_column_container vc_col-sm-12\"><div class=\"vc_column-inner\"><div class=\"wpb_wrapper\"><div class=\"vc_separator wpb_content_element vc_separator_align_center vc_sep_width_100 vc_sep_pos_align_center vc_separator_no_text\" ><span class=\"vc_sep_holder vc_sep_holder_l\"><span  style=\"border-color:#ceceb4;\" class=\"vc_sep_line\"><\/span><\/span><span class=\"vc_sep_holder vc_sep_holder_r\"><span  style=\"border-color:#ceceb4;\" class=\"vc_sep_line\"><\/span><\/span>\n<\/div><\/div><\/div><\/div><\/div><div class=\"vc_row wpb_row vc_row-fluid bottom-border\"><div class=\"wpb_column vc_column_container vc_col-sm-6\" id=\"climbing\"><div class=\"vc_column-inner\"><div class=\"wpb_wrapper\">\n\t<div  class=\"wpb_single_image wpb_content_element vc_align_right   twisted-img\">\n\t\t\n\t\t<figure class=\"wpb_wrapper vc_figure\">\n\t\t\t<div class=\"vc_single_image-wrapper   vc_box_border_grey\"><img loading=\"lazy\" decoding=\"async\" class=\"vc_single_image-img\" src=\"https:\/\/d8b2013d58.nxcli.io\/wp-content\/uploads\/2020\/06\/JF106621-scaled-500x400.jpg\" width=\"500\" height=\"400\" alt=\"JF106621\" title=\"JF106621\" \/><\/div>\n\t\t<\/figure>\n\t<\/div>\n<\/div><\/div><\/div><div class=\"wpb_column vc_column_container vc_col-sm-6\"><div class=\"vc_column-inner\"><div class=\"wpb_wrapper\">\n\t<div class=\"wpb_text_column wpb_content_element\" >\n\t\t<div class=\"wpb_wrapper\">\n\t\t\t<h3>KLETTERN<\/h3>\n<h3><em style=\"color: #ceceb4; font-weight: 400;\"><strong>$5.00(with package)\u00a0 \u00a0 \u00a0 <\/strong>$10.00<\/em><\/h3>\n\n\t\t<\/div>\n\t<\/div>\n\n\t<div class=\"wpb_text_column wpb_content_element\" >\n\t\t<div class=\"wpb_wrapper\">\n\t\t\t<p>The adventure is vertical on our Climbing course! These structures require a mix of abilities including balance, agility, strategy, and good old-fashioned determination. Once kids reach the top it\u2019s a simple glide back to the ground.<\/p>\n<p>Alle Teilnehmer m\u00fcssen sicher in einen Gurt passen.<\/p>\n<p>Mindesth\u00f6he: 42 Zoll<\/p>\n<p>Mindestgewicht: 22 Pfund.<\/p>\n<p>Maximales Gewicht: 300 Pfund.<\/p>\n\n\t\t<\/div>\n\t<\/div>\n<\/div><\/div><\/div><\/div><div class=\"vc_row wpb_row vc_row-fluid\"><div class=\"wpb_column vc_column_container vc_col-sm-12\"><div class=\"vc_column-inner\"><div class=\"wpb_wrapper\"><div class=\"vc_separator wpb_content_element vc_separator_align_center vc_sep_width_100 vc_sep_pos_align_center vc_separator_no_text\" ><span class=\"vc_sep_holder vc_sep_holder_l\"><span  style=\"border-color:#ceceb4;\" class=\"vc_sep_line\"><\/span><\/span><span class=\"vc_sep_holder vc_sep_holder_r\"><span  style=\"border-color:#ceceb4;\" class=\"vc_sep_line\"><\/span><\/span>\n<\/div><\/div><\/div><\/div><\/div><div class=\"vc_row wpb_row vc_row-fluid\"><div class=\"wpb_column vc_column_container vc_col-sm-6\"><div class=\"vc_column-inner\"><div class=\"wpb_wrapper\">\n\t<div class=\"wpb_text_column wpb_content_element\" >\n\t\t<div class=\"wpb_wrapper\">\n\t\t\t<h3>COME READY TO CLIMB:<\/h3>\n<p>Dress comfortably for the weather<\/p>\n<p>No open-heeled shoes, flip flops or sandals. No dresses or skirts.<\/p>\n<p>Taschen m\u00fcssen geleert werden (f\u00fcr pers\u00f6nliche Gegenst\u00e4nde stehen Schlie\u00dff\u00e4cher zur Verf\u00fcgung)<\/p>\n<p>Shoulder length hair (or longer) should be tied back.<\/p>\n\n\t\t<\/div>\n\t<\/div>\n<\/div><\/div><\/div><div class=\"wpb_column vc_column_container vc_col-sm-6\"><div class=\"vc_column-inner\"><div class=\"wpb_wrapper\">\n\t<div class=\"wpb_text_column wpb_content_element\" >\n\t\t<div class=\"wpb_wrapper\">\n\t\t\t<h3>NICHT EMPFOHLEN F\u00dcR JEDEN, DER<\/h3>\n<ul>\n<li style=\"padding-left: 15px;\">Have had recent surgery<\/li>\n<li style=\"padding-left: 15px;\">Have an injury to neck or back<\/li>\n<li style=\"padding-left: 15px;\">Have had recent stitches<\/li>\n<li style=\"padding-left: 15px;\">Are pregnant<\/li>\n<li style=\"padding-left: 15px;\">Have difficulty ascending or descending stairs<\/li>\n<\/ul>\n<p>G\u00e4sten, die unter Drogen- oder Alkoholeinfluss stehen, ist die Teilnahme nicht gestattet.<\/p>\n\n\t\t<\/div>\n\t<\/div>\n<\/div><\/div><\/div><\/div>","protected":false},"excerpt":{"rendered":"Climb. Balance. Fly across the Hill Country sky. Experience high flying adventure on one of the largest zip rail and ropes courses in the world. With six stories of challenges<span class=\"excerpt-hellip\"> [\u2026]<\/span>","protected":false},"author":12,"featured_media":0,"parent":0,"menu_order":0,"comment_status":"closed","ping_status":"closed","template":"","meta":{"footnotes":""},"_links":{"self":[{"href":"https:\/\/d8b2013d58.nxcli.io\/de\/wp-json\/wp\/v2\/pages\/4763"}],"collection":[{"href":"https:\/\/d8b2013d58.nxcli.io\/de\/wp-json\/wp\/v2\/pages"}],"about":[{"href":"https:\/\/d8b2013d58.nxcli.io\/de\/wp-json\/wp\/v2\/types\/page"}],"author":[{"embeddable":true,"href":"https:\/\/d8b2013d58.nxcli.io\/de\/wp-json\/wp\/v2\/users\/12"}],"replies":[{"embeddable":true,"href":"https:\/\/d8b2013d58.nxcli.io\/de\/wp-json\/wp\/v2\/comments?post=4763"}],"version-history":[{"count":57,"href":"https:\/\/d8b2013d58.nxcli.io\/de\/wp-json\/wp\/v2\/pages\/4763\/revisions"}],"predecessor-version":[{"id":9034,"href":"https:\/\/d8b2013d58.nxcli.io\/de\/wp-json\/wp\/v2\/pages\/4763\/revisions\/9034"}],"wp:attachment":[{"href":"https:\/\/d8b2013d58.nxcli.io\/de\/wp-json\/wp\/v2\/media?parent=4763"}],"curies":[{"name":"wp","href":"https:\/\/api.w.org\/{rel}","templated":true}]}}