{"id":3589,"date":"2020-07-25T18:13:12","date_gmt":"2020-07-25T18:13:12","guid":{"rendered":"https:\/\/naturalbridgecaverns.com\/?page_id=3589"},"modified":"2024-07-23T21:55:00","modified_gmt":"2024-07-23T21:55:00","slug":"vip-tours","status":"publish","type":"page","link":"https:\/\/d8b2013d58.nxcli.io\/de\/vip-tours\/","title":{"rendered":"VIP Tours"},"content":{"rendered":"<div class=\"vc_row wpb_row vc_row-fluid\"><div class=\"wpb_column vc_column_container vc_col-sm-12\"><div class=\"vc_column-inner\"><div class=\"wpb_wrapper\"><div class=\"vc_row wpb_row vc_inner vc_row-fluid\"><div class=\"wpb_column vc_column_container vc_col-sm-2\"><div class=\"vc_column-inner\"><div class=\"wpb_wrapper\"><\/div><\/div><\/div><div class=\"attraction-text wpb_column vc_column_container vc_col-sm-8\"><div class=\"vc_column-inner\"><div class=\"wpb_wrapper\">\n\t<div class=\"wpb_text_column wpb_content_element  header-padding\" >\n\t\t<div class=\"wpb_wrapper\">\n\t\t\t<h1 style=\"text-align: center;\"><strong>Private VIP-Touren und Erlebnisse<\/strong><\/h1>\n\n\t\t<\/div>\n\t<\/div>\n\n\t<div class=\"wpb_text_column wpb_content_element\" >\n\t\t<div class=\"wpb_wrapper\">\n\t\t\t<p>Die VIP-Tourerlebnisse der Natural Bridge Caverns bieten Familien und kleinen Gruppen private Touroptionen. Diese speziellen und begrenzten H\u00f6hlentouren bieten individuelle Optionen f\u00fcr Familien oder Gruppen, die zusammen reisen, und die M\u00f6glichkeit, ihr eigenes individuelles privates Tourerlebnis zu gestalten. Diese privaten VIP-Touren sind auf die gemeinsame Buchung einer einzigen Familie oder Gruppe beschr\u00e4nkt.<\/p>\n<p style=\"text-align: center;\">F\u00fcr alle VIP-Tour-Optionen ist eine Reservierung erforderlich. Preise, Daten und Zeiten variieren.<\/p>\n<h5 style=\"text-align: center;\">Bitte rufen Sie 210-651-6101 an, um Ihr individuelles VIP-Tour-Erlebnis zu buchen oder zu besprechen.<\/h5>\n\n\t\t<\/div>\n\t<\/div>\n<\/div><\/div><\/div><div class=\"wpb_column vc_column_container vc_col-sm-2\"><div class=\"vc_column-inner\"><div class=\"wpb_wrapper\"><\/div><\/div><\/div><\/div><\/div><\/div><\/div><\/div><div class=\"vc_row wpb_row vc_row-fluid\"><div class=\"wpb_column vc_column_container vc_col-sm-4\"><div class=\"vc_column-inner\"><div class=\"wpb_wrapper\">\n\t<div class=\"wpb_raw_code wpb_content_element wpb_raw_html\" >\n\t\t<div class=\"wpb_wrapper\">\n\t\t\t<div class=\"event-card\">\n        <a style=\"text-decoration: none;\" href=\"#Discovery\">\n            <div class=\"card-img\">\n              <img decoding=\"async\" src=\"\/wp-content\/uploads\/2020\/07\/Castle_Pools_Group2_VIP.jpg\" alt=\"VIP Private Discovery Tour\" \/> \n            <\/div>\n            <div class=\"card-text\">\n                <h3>Private H\u00f6hlentour<\/h3>\n                <p>Jetzt k\u00f6nnen Sie eine unserer vorgestellten Touren exklusiv f\u00fcr Ihre Gruppe buchen! Die Discovery Tour bietet die gr\u00f6\u00dften R\u00e4ume und die spektakul\u00e4rsten Formationen, die es in jeder Showh\u00f6hle in Texas gibt, w\u00e4hrend die Hidden Wonders Tour ein kleineres System riesiger unterirdischer Kammern mit filigraneren Formationen und einem Moment v\u00f6lliger Dunkelheit ist.\n                    <img decoding=\"async\" style=\"position: absolute; left: 20px; bottom: 25px;\" src=\"\/wp-content\/uploads\/2019\/05\/learn-more.png\" alt=\"Learn More\" \/><\/p><\/div> <\/a>             \n    <\/div>\n\n\t\t<\/div>\n\t<\/div>\n<\/div><\/div><\/div><div class=\"wpb_column vc_column_container vc_col-sm-4\"><div class=\"vc_column-inner\"><div class=\"wpb_wrapper\">\n\t<div class=\"wpb_raw_code wpb_content_element wpb_raw_html\" >\n\t\t<div class=\"wpb_wrapper\">\n\t\t\t<div class=\"event-card\">\n        <a style=\"text-decoration: none;\" href=\"#Photography\">\n            <div class=\"card-img\">\n                <img decoding=\"async\" src=\"\/wp-content\/uploads\/2020\/07\/VIP-Photography-Tour.jpg\" alt=\"V I P Photography Tour\" \/>\n            <\/div>\n            <div class=\"card-text\">\n                <h3>Fototour<\/h3>\n                <p>Buchen Sie eine Fototour und nutzen Sie die Chance, langsamer zu werden und das perfekte Foto zu machen. In den Discovery Passages k\u00f6nnen Sie l\u00e4ngere Zeit verbringen, wo Sie ein Stativ aufstellen und Ihr Guide die Beleuchtung anpassen kann. Pro Tour sind nur 4 Fotografen erlaubt! Alle Fotos sind nur f\u00fcr den pers\u00f6nlichen Gebrauch bestimmt.\n                    <img decoding=\"async\" style=\"position: absolute; left: 20px; bottom: 25px;\" src=\"\/wp-content\/uploads\/2019\/05\/learn-more.png\" alt=\"Learn More\" \/>\n                <\/p>\n            <\/div>\n        <\/a>\n    <\/div>\n\n\t\t<\/div>\n\t<\/div>\n<\/div><\/div><\/div><div class=\"wpb_column vc_column_container vc_col-sm-4\"><div class=\"vc_column-inner\"><div class=\"wpb_wrapper\">\n\t<div class=\"wpb_raw_code wpb_content_element wpb_raw_html\" >\n\t\t<div class=\"wpb_wrapper\">\n\t\t\t<div class=\"event-card\">\n        <a style=\"text-decoration: none;\" href=\"#Create\">\n            <div class=\"card-img\">\n                <img decoding=\"async\" src=\"\/wp-content\/uploads\/2020\/07\/create-your-own-vip-experience.jpg\" alt=\"Create your own V I P experience\" \/>\n            <\/div>\n            <div class=\"card-text\">\n                <h3>Individuelle VIP-Erlebnisse<\/h3>\n                <p>Veranstalten Sie ein Teambuilding, eine After-Hour-Veranstaltung oder eine Geschlechterenth\u00fcllung, indem Sie die H\u00f6hlenbeleuchtung \u201eblau oder rosa\u201c schalten. Unser fachkundiges Verkaufspersonal hilft Ihnen bei der Planung einer Veranstaltung inklusive Catering, Getr\u00e4nken, Fotografen, exklusiver Nutzung unserer Attraktionen und mehr.\n                    <img decoding=\"async\" style=\"position: absolute; left: 20px; bottom: 25px;\" src=\"\/wp-content\/uploads\/2019\/05\/learn-more.png\" alt=\"Learn More\" \/>\n                <\/p>\n            <\/div>\n        <\/a>\n    <\/div>\n\n\t\t<\/div>\n\t<\/div>\n<\/div><\/div><\/div><\/div><div class=\"vc_row wpb_row vc_row-fluid\"><div class=\"wpb_column vc_column_container vc_col-sm-4\"><div class=\"vc_column-inner\"><div class=\"wpb_wrapper\"><\/div><\/div><\/div><\/div><div class=\"vc_row wpb_row vc_row-fluid\"><div class=\"wpb_column vc_column_container vc_col-sm-12\"><div class=\"vc_column-inner\"><div class=\"wpb_wrapper\">\n\t<div class=\"wpb_raw_code wpb_raw_js\" >\n\t\t<div class=\"wpb_wrapper\">\n\t\t\t<script type=\"text\/javascript\"> \n\n\n  var makeSticky = function(){\n        var scrollTop = jQuery(window).scrollTop();\n        var buy = jQuery('.buy-img').offset().top;\n        if(scrollTop >= buy) {\n            jQuery('.buy-img a').addClass('sticky');\n        } else {\n            jQuery('.buy-img a').removeClass('sticky');\n        }\n    }\n\n      makeSticky();\n\n        \n    jQuery(window).scroll(function(){\n        makeSticky();\n    });\n\n\n\n    jQuery(window).resize(function(){\n        if (jQuery(window).width() > 768) {\n            jQuery('.buy-img a').removeClass('sticky');\n        }\n    });\n\n\n\n <\/script>\n\t\t<\/div>\n\t<\/div>\n<\/div><\/div><\/div><\/div><div class=\"vc_row wpb_row vc_row-fluid\"><div class=\"wpb_column vc_column_container vc_col-sm-12\"><div class=\"vc_column-inner\"><div class=\"wpb_wrapper\">\n\t<div class=\"wpb_text_column wpb_content_element\" >\n\t\t<div class=\"wpb_wrapper\">\n\t\t\t<h5 style=\"text-align: center;\">Bitte rufen Sie 210-651-6101 an, um Ihr individuelles VIP-Tour-Erlebnis zu buchen oder zu besprechen.<\/h5>\n\n\t\t<\/div>\n\t<\/div>\n\n\t<div class=\"wpb_text_column wpb_content_element\" id=\"FairyPit\">\n\t\t<div class=\"wpb_wrapper\">\n\t\t\t\n\t\t<\/div>\n\t<\/div>\n<\/div><\/div><\/div><div class=\"wpb_column vc_column_container vc_col-sm-12\"><div class=\"vc_column-inner\"><div class=\"wpb_wrapper\"><div class=\"vc_separator wpb_content_element vc_separator_align_center vc_sep_width_100 vc_sep_pos_align_center vc_separator_no_text\" id=\"#Discovery\"><span class=\"vc_sep_holder vc_sep_holder_l\"><span  style=\"border-color:#ceceb4;\" class=\"vc_sep_line\"><\/span><\/span><span class=\"vc_sep_holder vc_sep_holder_r\"><span  style=\"border-color:#ceceb4;\" class=\"vc_sep_line\"><\/span><\/span>\n<\/div><\/div><\/div><\/div><\/div><div class=\"vc_row wpb_row vc_row-fluid\"><div class=\"wpb_column vc_column_container vc_col-sm-6\"><div class=\"vc_column-inner\"><div class=\"wpb_wrapper\">\n\t<div class=\"wpb_text_column wpb_content_element\" id=\"#Discovery\">\n\t\t<div class=\"wpb_wrapper\">\n\t\t\t<h1>Private H\u00f6hlentour<\/h1>\n<h5 style=\"color: #ceceb4; font-weight: 400;\"><em>Private Tour durch die Discovery Passages.<\/em><\/h5>\n\n\t\t<\/div>\n\t<\/div>\n<\/div><\/div><\/div><div class=\"wpb_column vc_column_container vc_col-sm-6\"><div class=\"vc_column-inner\"><div class=\"wpb_wrapper\">\n\t<div class=\"wpb_text_column wpb_content_element\" id=\"Discovery\">\n\t\t<div class=\"wpb_wrapper\">\n\t\t\t<div class=\"column one-second\"><strong>Dauer:<\/strong><\/div>\n <div class=\"column one-second\">Etwa 1 Stunde<\/div>\n<div class=\"column one-second\"><strong>K\u00f6rperliche Schwierigkeit:<\/strong> <\/div>\n<div class=\"column one-second\">Mittelschwere \u00bd-Meilen-Wanderung auf asphaltierten Wegen<\/div>\n<div class=\"column one-second\"><strong>Bestimmt f\u00fcr:<\/strong> <\/div>\n<div class=\"column one-second\">\u00a0Erwachsene und Kinder jeden Alters<\/div>\n\n\t\t<\/div>\n\t<\/div>\n<\/div><\/div><\/div><div class=\"wpb_column vc_column_container vc_col-sm-12\"><div class=\"vc_column-inner\"><div class=\"wpb_wrapper\"><div class=\"vc_separator wpb_content_element vc_separator_align_center vc_sep_width_100 vc_sep_pos_align_center vc_separator_no_text\" id=\"LanternTour\"><span class=\"vc_sep_holder vc_sep_holder_l\"><span  style=\"border-color:#ceceb4;\" class=\"vc_sep_line\"><\/span><\/span><span class=\"vc_sep_holder vc_sep_holder_r\"><span  style=\"border-color:#ceceb4;\" class=\"vc_sep_line\"><\/span><\/span>\n<\/div><\/div><\/div><\/div><\/div><div class=\"vc_row wpb_row vc_row-fluid\"><div class=\"wpb_column vc_column_container vc_col-sm-6\"><div class=\"vc_column-inner\"><div class=\"wpb_wrapper\">\n\t<div class=\"wpb_text_column wpb_content_element\" id=\"Photography\">\n\t\t<div class=\"wpb_wrapper\">\n\t\t\t<h1>Fototour<\/h1>\n<h5 style=\"color: #ceceb4; font-weight: 400;\"><em>Machen Sie tolle Fotos in Ihrem eigenen Tempo<\/em><\/h5>\n<h3><\/h3>\n\n\t\t<\/div>\n\t<\/div>\n<\/div><\/div><\/div><div class=\"wpb_column vc_column_container vc_col-sm-6\"><div class=\"vc_column-inner\"><div class=\"wpb_wrapper\">\n\t<div class=\"wpb_text_column wpb_content_element\" >\n\t\t<div class=\"wpb_wrapper\">\n\t\t\t<div class=\"column one-second\"><strong>Dauer:<\/strong><\/div>\n <div class=\"column one-second\">Etwa 1,5 Stunden<\/div>\n<div class=\"column one-second\"><strong>K\u00f6rperliche Schwierigkeit:<\/strong> <\/div>\n<div class=\"column one-second\">Mittelschwere \u00bd-Meilen-Wanderung auf asphaltierten Wegen<\/div>\n<div class=\"column one-second\"><strong>Bestimmt f\u00fcr:<\/strong> <\/div>\n<div class=\"column one-second\">Amateurfotografen<\/div>\n\n\t\t<\/div>\n\t<\/div>\n<\/div><\/div><\/div><\/div><div class=\"vc_row wpb_row vc_row-fluid\"><div class=\"wpb_column vc_column_container vc_col-sm-12\"><div class=\"vc_column-inner\"><div class=\"wpb_wrapper\"><div class=\"vc_separator wpb_content_element vc_separator_align_center vc_sep_width_100 vc_sep_pos_align_center vc_separator_no_text\" id=\"Create\"><span class=\"vc_sep_holder vc_sep_holder_l\"><span  style=\"border-color:#ceceb4;\" class=\"vc_sep_line\"><\/span><\/span><span class=\"vc_sep_holder vc_sep_holder_r\"><span  style=\"border-color:#ceceb4;\" class=\"vc_sep_line\"><\/span><\/span>\n<\/div><\/div><\/div><\/div><\/div><div class=\"vc_row wpb_row vc_row-fluid\"><div class=\"wpb_column vc_column_container vc_col-sm-6\" id=\"Create\"><div class=\"vc_column-inner\"><div class=\"wpb_wrapper\">\n\t<div class=\"wpb_text_column wpb_content_element\" >\n\t\t<div class=\"wpb_wrapper\">\n\t\t\t<h1>Schaffen Sie Ihr eigenes VIP-Erlebnis<\/h1>\n<h5 style=\"color: #ceceb4; font-weight: 400;\"><em>Passen Sie Ihr Erlebnis f\u00fcr Geburtstage, Heiratsantr\u00e4ge, Bekanntgabe des Geschlechts, Fotosessions, Teambuilding und mehr an. F\u00fcr alle individuellen Erlebnisse ben\u00f6tigen wir eine Vorlaufzeit von mindestens 7 Tagen. Aufgrund der Art einiger Veranstaltungen kann eine l\u00e4ngere Vorank\u00fcndigung erforderlich sein.<\/em><\/h5>\n<h3><\/h3>\n\n\t\t<\/div>\n\t<\/div>\n<\/div><\/div><\/div><div class=\"wpb_column vc_column_container vc_col-sm-6\"><div class=\"vc_column-inner\"><div class=\"wpb_wrapper\">\n\t<div class=\"wpb_text_column wpb_content_element\" >\n\t\t<div class=\"wpb_wrapper\">\n\t\t\t<div class=\"column one-second\"><strong>Dauer:<\/strong><\/div>\n <div class=\"column one-second\">Es liegt an Ihnen<\/div>\n<div class=\"column one-second\"><strong>K\u00f6rperliche Schwierigkeit:<\/strong> <\/div>\n<div class=\"column one-second\">Leicht bis schwer, Sie haben die Wahl<\/div>\n<div class=\"column one-second\"><strong>Preis:<\/strong> <\/div>\n<div class=\"column one-second\">Nat\u00fcrlich unbezahlbar (rufen Sie an, um Ihre Idee zu besprechen)<\/div>\n<div class=\"column one-second\"><strong>Bestimmt f\u00fcr:<\/strong> <\/div>\n<div class=\"column one-second\">Jeder und jeder<\/div>\n\n\t\t<\/div>\n\t<\/div>\n<\/div><\/div><\/div><\/div>","protected":false},"excerpt":{"rendered":"Private VIP Tours &amp; Experiences Natural Bridge Caverns VIP tour experiences give families and small groups private tour options.\u00a0 These special and limited cavern tours offer individual options for families<span class=\"excerpt-hellip\"> [\u2026]<\/span>","protected":false},"author":6,"featured_media":0,"parent":0,"menu_order":0,"comment_status":"closed","ping_status":"closed","template":"","meta":{"footnotes":""},"_links":{"self":[{"href":"https:\/\/d8b2013d58.nxcli.io\/de\/wp-json\/wp\/v2\/pages\/3589"}],"collection":[{"href":"https:\/\/d8b2013d58.nxcli.io\/de\/wp-json\/wp\/v2\/pages"}],"about":[{"href":"https:\/\/d8b2013d58.nxcli.io\/de\/wp-json\/wp\/v2\/types\/page"}],"author":[{"embeddable":true,"href":"https:\/\/d8b2013d58.nxcli.io\/de\/wp-json\/wp\/v2\/users\/6"}],"replies":[{"embeddable":true,"href":"https:\/\/d8b2013d58.nxcli.io\/de\/wp-json\/wp\/v2\/comments?post=3589"}],"version-history":[{"count":74,"href":"https:\/\/d8b2013d58.nxcli.io\/de\/wp-json\/wp\/v2\/pages\/3589\/revisions"}],"predecessor-version":[{"id":9140,"href":"https:\/\/d8b2013d58.nxcli.io\/de\/wp-json\/wp\/v2\/pages\/3589\/revisions\/9140"}],"wp:attachment":[{"href":"https:\/\/d8b2013d58.nxcli.io\/de\/wp-json\/wp\/v2\/media?parent=3589"}],"curies":[{"name":"wp","href":"https:\/\/api.w.org\/{rel}","templated":true}]}}