{"id":1900,"date":"2019-05-23T15:07:11","date_gmt":"2019-05-23T15:07:11","guid":{"rendered":"https:\/\/naturalbridgecaverns.com\/?page_id=1900"},"modified":"2024-07-01T15:55:01","modified_gmt":"2024-07-01T15:55:01","slug":"cavern-tours","status":"publish","type":"page","link":"https:\/\/d8b2013d58.nxcli.io\/de\/cavern-tours\/","title":{"rendered":"H\u00f6hlentouren"},"content":{"rendered":"<div class=\"vc_row wpb_row vc_row-fluid\"><div class=\"wpb_column vc_column_container vc_col-sm-12\"><div class=\"vc_column-inner\"><div class=\"wpb_wrapper\"><div class=\"vc_row wpb_row vc_inner vc_row-fluid\"><div class=\"wpb_column vc_column_container vc_col-sm-2\"><div class=\"vc_column-inner\"><div class=\"wpb_wrapper\"><\/div><\/div><\/div><div class=\"attraction-text wpb_column vc_column_container vc_col-sm-8\"><div class=\"vc_column-inner\"><div class=\"wpb_wrapper\">\n\t<div class=\"wpb_text_column wpb_content_element  header-padding\" >\n\t\t<div class=\"wpb_wrapper\">\n\t\t\t<h1 style=\"text-align: center;\">Nat\u00fcrlich erstaunlich<\/h1>\n<h3 style=\"text-align: center; font-size: 18px; line-height: 30px;\">Discover the incredible natural underground beauty of the caverns through one of our unique guided tour experiences.<\/h3>\n\n\t\t<\/div>\n\t<\/div>\n<\/div><\/div><\/div><div class=\"wpb_column vc_column_container vc_col-sm-2\"><div class=\"vc_column-inner\"><div class=\"wpb_wrapper\"><\/div><\/div><\/div><\/div><div class=\"vc_row wpb_row vc_inner vc_row-fluid\"><div class=\"wpb_column vc_column_container vc_col-sm-4\"><div class=\"vc_column-inner\"><div class=\"wpb_wrapper\">\n\t<div class=\"wpb_raw_code wpb_content_element wpb_raw_html\" >\n\t\t<div class=\"wpb_wrapper\">\n\t\t\t<div class=\"event-card\">\n        <a style=\"text-decoration: none;\" href=\"https:\/\/d8b2013d58.nxcli.io\/de\/hiddenwonderstour\/\">\n            <div class=\"card-img\">\n                <img decoding=\"async\" src=\"https:\/\/naturalbridgecaverns.com\/wp-content\/uploads\/2023\/01\/HW_Top-of-Jaremy-Room_0422_MJones_Resized-Tile.jpg\" \/>\n            <\/div>\n            <div class=\"card-text\">\n                <h3>Verborgene Wunder-Tour<\/h3>\n                <p>NEW \u2013 This new and phenomenal expansion of our hidden cavern is now filled with state-of-the-art lighting, a sound and light show, and a fun ride back to the surface. Distinct and delicate formations fill corridors, canyons, and a beautiful ten story tall chamber. \n                    <img decoding=\"async\" style=\"position: absolute; left: 20px; bottom: 25px;\" src=\"\/wp-content\/uploads\/2019\/05\/learn-more.png\" alt=\"Learn More\" \/>\n                <\/p>\n            <\/div>\n        <\/a>\n    <\/div>\n\t\t<\/div>\n\t<\/div>\n<\/div><\/div><\/div><div class=\"wpb_column vc_column_container vc_col-sm-4\"><div class=\"vc_column-inner\"><div class=\"wpb_wrapper\">\n\t<div class=\"wpb_text_column wpb_content_element\" >\n\t\t<div class=\"wpb_wrapper\">\n\t\t\t<div class=\"event-card\">\r\n        <a style=\"text-decoration: none;\" href=\"https:\/\/d8b2013d58.nxcli.io\/de\/discoverytour\/\">\r\n            <div class=\"card-img\">\r\n                <img decoding=\"async\" src=\"https:\/\/naturalbridgecaverns.com\/wp-content\/uploads\/2020\/09\/Discovery-Tour-2.jpg\" alt=\"Discovery Tour\" \/>\r\n            <\/div>\r\n            <div class=\"card-text\">\r\n                <h3>Entdeckungstour<\/h3>\r\n                <p>Unsere meistbesuchte Tour und die gr\u00f6\u00dfte H\u00f6hle des Staates, unsere Entdeckungstour, f\u00fchrt Sie 180 Fu\u00df unter die Erde mit riesigen R\u00e4umen, atemberaubenden Formationen und unglaublichen Sehensw\u00fcrdigkeiten. Modernste Beleuchtung (neu im Jahr 2020) setzt die H\u00f6hle wie nie zuvor in Szene.\r\n                    <img decoding=\"async\" style=\"position: absolute; left: 20px; bottom: 25px;\" src=\"\/wp-content\/uploads\/2019\/05\/learn-more.png\" alt=\"Learn More\" \/>\r\n                <\/p>\r\n            <\/div>\r\n        <\/a>\r\n    <\/div>\n\n\t\t<\/div>\n\t<\/div>\n<\/div><\/div><\/div><div class=\"card-row-1 wpb_column vc_column_container vc_col-sm-4\"><div class=\"vc_column-inner\"><div class=\"wpb_wrapper\">\n\t<div class=\"wpb_raw_code wpb_content_element wpb_raw_html\" >\n\t\t<div class=\"wpb_wrapper\">\n\t\t\t<div class=\"event-card\">\n        <a style=\"text-decoration: none;\" href=\"https:\/\/d8b2013d58.nxcli.io\/de\/caverncombotour\/\">\n            <div class=\"card-img\">\n                <img decoding=\"async\" src=\"\/wp-content\/uploads\/2020\/09\/Combo-Tour-2.jpg\" alt=\"Combo Tour\" \/>\n            <\/div>\n            <div class=\"card-text\">\n                <h3>H\u00f6hlen-Kombitour<\/h3>\n                <p>G\u00f6nnen Sie sich auf unserer H\u00f6hlen-Kombitour das Beste aus beiden Weltklasse-H\u00f6hlen. W\u00e4hlen Sie Ihren Zeitpunkt f\u00fcr die Hidden Wonders Tour und Sie werden bei Ihrer Ankunft auf die n\u00e4chste verf\u00fcgbare Discovery Tour gesetzt. Kommen Sie 30 Minuten vor der auf Ihrem Hidden Wonders-Ticket angegebenen Zeit an.\n                    <img decoding=\"async\" style=\"position: absolute; left: 20px; bottom: 25px;\" src=\"\/wp-content\/uploads\/2019\/05\/learn-more.png\" alt=\"Learn More\" \/>\n                <\/p>\n            <\/div>\n        <\/a>\n    <\/div>\n\t\t<\/div>\n\t<\/div>\n<\/div><\/div><\/div><\/div><div class=\"vc_row wpb_row vc_inner vc_row-fluid card-row-2\"><div class=\"wpb_column vc_column_container vc_col-sm-4\"><div class=\"vc_column-inner\"><div class=\"wpb_wrapper\">\n\t<div class=\"wpb_raw_code wpb_content_element wpb_raw_html\" >\n\t\t<div class=\"wpb_wrapper\">\n\t\t\t<div class=\"event-card\">\n        <a style=\"text-decoration: none;\" href=\"https:\/\/d8b2013d58.nxcli.io\/de\/adventuretours\/\">\n            <div class=\"card-img\">\n                <img decoding=\"async\" src=\"https:\/\/naturalbridgecaverns.com\/wp-content\/uploads\/2024\/04\/SMJ-AT_Climb_RS.jpg\" \/>\n            <\/div>\n            <div class=\"card-text\">\n                <h3>Abenteuertouren<\/h3>\n                <p>Wecken Sie den Abenteurer in Ihnen mit unseren Abenteuern in wilden H\u00f6hlen abseits der Wanderwege. Unser F\u00fchrer f\u00fchrt Sie durch einen unerschlossenen Teil unserer H\u00f6hle, wo Sie einen Eindruck davon bekommen, wie es ist, H\u00f6hlen wie ein H\u00f6hlenforscher zu erkunden! Wir statten Sie mit der gesamten Ausr\u00fcstung aus, die Sie ben\u00f6tigen. Seien Sie einfach bereit, schlammig zu werden und Teile der H\u00f6hle zu sehen, die nur die mutigsten Entdecker zu Gesicht bekommen!\n                    <img decoding=\"async\" style=\"position: absolute; left: 20px; bottom: 25px;\" src=\"\/wp-content\/uploads\/2019\/05\/learn-more.png\" alt=\"Learn More\" \/>\n                <\/p>\n            <\/div>\n        <\/a>\n    <\/div>\n\t\t<\/div>\n\t<\/div>\n<\/div><\/div><\/div><div class=\"wpb_column vc_column_container vc_col-sm-4\"><div class=\"vc_column-inner\"><div class=\"wpb_wrapper\">\n\t<div class=\"wpb_raw_code wpb_content_element wpb_raw_html\" >\n\t\t<div class=\"wpb_wrapper\">\n\t\t\t<div class=\"event-card\">\n        <a style=\"text-decoration: none;\" href=\"https:\/\/d8b2013d58.nxcli.io\/de\/lantern-tour-2\/\">\n            <div class=\"card-img\">\n                <img decoding=\"async\" src=\"https:\/\/naturalbridgecaverns.com\/wp-content\/uploads\/2024\/02\/Lanter-Tour-Tile.jpg\" \/>\n            <\/div>\n            <div class=\"card-text\">\n                <h3>The Lantern Tour<\/h3>\n                <p>Tour the cave through the eyes of the original discoverers back in the 1960s.  Your tour guide will lead you through the cave with only the light of handheld lanterns. There is something magical about touring the cave with similar lighting to when it was first discovered. \n                    <img decoding=\"async\" style=\"position: absolute; left: 20px; bottom: 25px;\" src=\"\/wp-content\/uploads\/2019\/05\/learn-more.png\" alt=\"Learn More\" \/>\n                <\/p>\n            <\/div>\n        <\/a>\n    <\/div>\n\t\t<\/div>\n\t<\/div>\n<\/div><\/div><\/div><div class=\"wpb_column vc_column_container vc_col-sm-4\"><div class=\"vc_column-inner\"><div class=\"wpb_wrapper\">\n\t<div class=\"wpb_raw_code wpb_content_element wpb_raw_html\" >\n\t\t<div class=\"wpb_wrapper\">\n\t\t\t<div class=\"event-card\">\n        <a style=\"text-decoration: none;\" href=\"https:\/\/naturalbridgecaverns.com\/brackenbatflight\/\">\n            <div class=\"card-img\">\n                <img decoding=\"async\" src=\"https:\/\/naturalbridgecaverns.com\/wp-content\/uploads\/2024\/05\/Cavern-Tours_Bat-Flight-1.jpg\" \/>\n            <\/div>\n            <div class=\"card-text\">\n                <h3>Flugpakete f\u00fcr Adlerfarnflederm\u00e4use<\/h3>\n                <p>An estimated 20 million Mexican Free-tailed bats roost in the Bracken Cave, just a short distance from Natural Bridge Caverns. Experience the wonder of a cavern tour and the Bracken Bat Flight for a LIMITED TIME with ONE ticket package. This tour is seasonal.\n                    <img decoding=\"async\" style=\"position: absolute; left: 20px; bottom: 25px;\" src=\"\/wp-content\/uploads\/2019\/05\/learn-more.png\" alt=\"Learn More\" \/>\n                <\/p>\n            <\/div>\n        <\/a>\n    <\/div>\n\t\t<\/div>\n\t<\/div>\n<\/div><\/div><\/div><\/div><div class=\"vc_row wpb_row vc_inner vc_row-fluid card-row-2\"><div class=\"wpb_column vc_column_container vc_col-sm-4\"><div class=\"vc_column-inner\"><div class=\"wpb_wrapper\">\n\t<div class=\"wpb_raw_code wpb_content_element wpb_raw_html\" >\n\t\t<div class=\"wpb_wrapper\">\n\t\t\t<div class=\"event-card\">\n        <a style=\"text-decoration: none;\" href=\"https:\/\/d8b2013d58.nxcli.io\/de\/vip-tours\/\">\n            <div class=\"card-img\">\n                <img decoding=\"async\" src=\"https:\/\/naturalbridgecaverns.com\/wp-content\/uploads\/2024\/05\/Private-VIP_Light-Show.jpg\" \/>\n            <\/div>\n            <div class=\"card-text\">\n                <h3>Private VIP-Touren und Erlebnisse<\/h3>\n                <p>Eine Vielzahl von intimen Touren, die speziell f\u00fcr SIE zusammengestellt wurden. Jedes Erlebnis ist auf eine Familie oder eine kleine Gruppe beschr\u00e4nkt. Die M\u00f6glichkeiten sind endlos. Unser Verkaufsteam unterst\u00fctzt Sie bei der Planung einer Reise, bei der Ihre Gruppe Erinnerungen schaffen wird, die ein Leben lang anhalten. Rufen Sie noch heute an, um Ihren Besuch in den Natural Bridge Caverns individuell zu gestalten. \n                    <img decoding=\"async\" style=\"position: absolute; left: 20px; bottom: 25px;\" src=\"\/wp-content\/uploads\/2019\/05\/learn-more.png\" alt=\"Learn More\" \/>\n                <\/p>\n            <\/div>\n        <\/a>\n    <\/div>\n\t\t<\/div>\n\t<\/div>\n<\/div><\/div><\/div><div class=\"wpb_column vc_column_container vc_col-sm-4\"><div class=\"vc_column-inner\"><div class=\"wpb_wrapper\"><\/div><\/div><\/div><\/div><\/div><\/div><\/div><div class=\"wpb_column vc_column_container vc_col-sm-12\"><div class=\"vc_column-inner\"><div class=\"wpb_wrapper\"><\/div><\/div><\/div><div class=\"wpb_column vc_column_container vc_col-sm-12\"><div class=\"vc_column-inner\"><div class=\"wpb_wrapper\"><\/div><\/div><\/div><\/div><div class=\"vc_row wpb_row vc_row-fluid\"><div class=\"wpb_column vc_column_container vc_col-sm-12\"><div class=\"vc_column-inner\"><div class=\"wpb_wrapper\"><\/div><\/div><\/div><\/div><!--55989--><!--55989--><\/p>","protected":false},"excerpt":{"rendered":"Naturally Amazing Discover the incredible natural underground beauty of the caverns through one of our unique guided tour experiences. Hidden Wonders Tour NEW \u2013 This new and phenomenal expansion of<span class=\"excerpt-hellip\"> [\u2026]<\/span>","protected":false},"author":7,"featured_media":0,"parent":0,"menu_order":0,"comment_status":"closed","ping_status":"closed","template":"","meta":{"footnotes":""},"_links":{"self":[{"href":"https:\/\/d8b2013d58.nxcli.io\/de\/wp-json\/wp\/v2\/pages\/1900"}],"collection":[{"href":"https:\/\/d8b2013d58.nxcli.io\/de\/wp-json\/wp\/v2\/pages"}],"about":[{"href":"https:\/\/d8b2013d58.nxcli.io\/de\/wp-json\/wp\/v2\/types\/page"}],"author":[{"embeddable":true,"href":"https:\/\/d8b2013d58.nxcli.io\/de\/wp-json\/wp\/v2\/users\/7"}],"replies":[{"embeddable":true,"href":"https:\/\/d8b2013d58.nxcli.io\/de\/wp-json\/wp\/v2\/comments?post=1900"}],"version-history":[{"count":114,"href":"https:\/\/d8b2013d58.nxcli.io\/de\/wp-json\/wp\/v2\/pages\/1900\/revisions"}],"predecessor-version":[{"id":9073,"href":"https:\/\/d8b2013d58.nxcli.io\/de\/wp-json\/wp\/v2\/pages\/1900\/revisions\/9073"}],"wp:attachment":[{"href":"https:\/\/d8b2013d58.nxcli.io\/de\/wp-json\/wp\/v2\/media?parent=1900"}],"curies":[{"name":"wp","href":"https:\/\/api.w.org\/{rel}","templated":true}]}}